{"id":57,"date":"2021-05-05T13:09:17","date_gmt":"2021-05-05T13:09:17","guid":{"rendered":"http:\/\/projektysloboda.pl\/?page_id=57"},"modified":"2021-06-12T20:41:15","modified_gmt":"2021-06-12T20:41:15","slug":"o-nas","status":"publish","type":"page","link":"https:\/\/projektysloboda.pl\/index.php\/o-nas\/","title":{"rendered":"O nas"},"content":{"rendered":"\t\t<div data-elementor-type=\"wp-page\" data-elementor-id=\"57\" class=\"elementor elementor-57\" data-elementor-settings=\"[]\">\n\t\t\t\t\t\t\t<div class=\"elementor-section-wrap\">\n\t\t\t\t\t\t\t<section class=\"elementor-section elementor-top-section elementor-element elementor-element-570aa850 elementor-section-content-middle elementor-section-height-min-height elementor-section-stretched elementor-section-boxed elementor-section-height-default elementor-section-items-middle\" data-id=\"570aa850\" data-element_type=\"section\" data-settings=\"{&quot;background_background&quot;:&quot;classic&quot;,&quot;stretch_section&quot;:&quot;section-stretched&quot;}\">\n\t\t\t\t\t\t\t<div class=\"elementor-background-overlay\"><\/div>\n\t\t\t\t\t\t\t<div class=\"elementor-container elementor-column-gap-default\">\n\t\t\t\t\t<div class=\"elementor-column elementor-col-100 elementor-top-column elementor-element elementor-element-7f497cd0\" data-id=\"7f497cd0\" data-element_type=\"column\">\n\t\t\t<div class=\"elementor-widget-wrap elementor-element-populated\">\n\t\t\t\t\t\t\t\t<div class=\"elementor-element elementor-element-407427d1 elementor-invisible elementor-widget elementor-widget-heading\" data-id=\"407427d1\" data-element_type=\"widget\" data-settings=\"{&quot;_animation&quot;:&quot;fadeIn&quot;}\" data-widget_type=\"heading.default\">\n\t\t\t\t<div class=\"elementor-widget-container\">\n\t\t\t<h1 class=\"elementor-heading-title elementor-size-default\">O NAS<\/h1>\t\t<\/div>\n\t\t\t\t<\/div>\n\t\t\t\t<div class=\"elementor-element elementor-element-78decd44 elementor-widget elementor-widget-text-editor\" data-id=\"78decd44\" data-element_type=\"widget\" data-widget_type=\"text-editor.default\">\n\t\t\t\t<div class=\"elementor-widget-container\">\n\t\t\t\t\t\t\t<p><strong>Biuro Projektowe &#8211; Tomasz\u00f3w Lubelski<br \/><\/strong>Magister Miros\u0142aw S\u0142oboda<strong><br \/><\/strong><\/p>\t\t\t\t\t\t<\/div>\n\t\t\t\t<\/div>\n\t\t\t\t\t<\/div>\n\t\t<\/div>\n\t\t\t\t\t\t\t<\/div>\n\t\t<\/section>\n\t\t\t\t<section class=\"elementor-section elementor-top-section elementor-element elementor-element-635f28f elementor-section-boxed elementor-section-height-default elementor-section-height-default\" data-id=\"635f28f\" data-element_type=\"section\">\n\t\t\t\t\t\t<div class=\"elementor-container elementor-column-gap-default\">\n\t\t\t\t\t<div class=\"elementor-column elementor-col-100 elementor-top-column elementor-element elementor-element-494fb87\" data-id=\"494fb87\" data-element_type=\"column\">\n\t\t\t<div class=\"elementor-widget-wrap elementor-element-populated\">\n\t\t\t\t\t\t\t\t<div class=\"elementor-element elementor-element-68c1107d elementor-widget elementor-widget-spacer\" data-id=\"68c1107d\" data-element_type=\"widget\" data-widget_type=\"spacer.default\">\n\t\t\t\t<div class=\"elementor-widget-container\">\n\t\t\t\t\t<div class=\"elementor-spacer\">\n\t\t\t<div class=\"elementor-spacer-inner\"><\/div>\n\t\t<\/div>\n\t\t\t\t<\/div>\n\t\t\t\t<\/div>\n\t\t\t\t<div class=\"elementor-element elementor-element-7fd74ec5 elementor-widget elementor-widget-heading\" data-id=\"7fd74ec5\" data-element_type=\"widget\" data-widget_type=\"heading.default\">\n\t\t\t\t<div class=\"elementor-widget-container\">\n\t\t\t<h2 class=\"elementor-heading-title elementor-size-default\">O nas<\/h2>\t\t<\/div>\n\t\t\t\t<\/div>\n\t\t\t\t<div class=\"elementor-element elementor-element-24493f14 elementor-widget-divider--view-line elementor-widget elementor-widget-divider\" data-id=\"24493f14\" data-element_type=\"widget\" data-widget_type=\"divider.default\">\n\t\t\t\t<div class=\"elementor-widget-container\">\n\t\t\t\t\t<div class=\"elementor-divider\">\n\t\t\t<span class=\"elementor-divider-separator\">\n\t\t\t\t\t\t<\/span>\n\t\t<\/div>\n\t\t\t\t<\/div>\n\t\t\t\t<\/div>\n\t\t\t\t<div class=\"elementor-element elementor-element-53b5001c elementor-widget elementor-widget-heading\" data-id=\"53b5001c\" data-element_type=\"widget\" data-widget_type=\"heading.default\">\n\t\t\t\t<div class=\"elementor-widget-container\">\n\t\t\t<h3 class=\"elementor-heading-title elementor-size-default\">Biuro Projektowe - Tomasz\u00f3w Lubelski<\/h3>\t\t<\/div>\n\t\t\t\t<\/div>\n\t\t\t\t<div class=\"elementor-element elementor-element-5463aade elementor-widget elementor-widget-text-editor\" data-id=\"5463aade\" data-element_type=\"widget\" data-widget_type=\"text-editor.default\">\n\t\t\t\t<div class=\"elementor-widget-container\">\n\t\t\t\t\t\t\t<p><strong>Magister Miros\u0142aw S\u0142oboda <\/strong>to uzdolniony projektant oraz <a href=\"https:\/\/projektysloboda.pl\/index.php\/kierownik-budowy\/\">kierownik budowy<\/a> w zakresie konstrukcyjno-budowlanym oraz <strong>rzeczoznawca budowlany<\/strong>. \u015awiadczymy r\u00f3wnie\u017c kompleksow\u0105 obs\u0142ug\u0119 z zakresu <strong><a href=\"https:\/\/projektysloboda.pl\/index.php\/projekty-budowlane\/\">projektowania budynk\u00f3w<\/a>,<\/strong> \u00a0<b><a href=\"https:\/\/projektysloboda.pl\/index.php\/adaptacje-obiektow-istniejacych\/\">adaptacji projekt\u00f3w gotowych,<\/a> rozbudowy<\/b> oraz<b>\u00a0modernizacji.<br \/><\/b><br \/>Klienci s\u0105 zadowoleni z wsp\u00f3\u0142pracy z naszym <a href=\"https:\/\/projektysloboda.pl\/index.php\/projekty-budowlane\/\"><strong>biurem projektowym z Tomaszowa Lubelskiego<\/strong>,<\/a> kt\u00f3re jest\u00a0 gwarancj\u0105 udanej realizacji inwestycji. Wszystko od a do z &#8211; od projektu, a\u017c po pozwolenie na budow\u0119 a\u017c do jego\u00a0realizacji. <br \/>Dobry projektant z Tomaszowa Lubelskiego powinien by\u0107 perfekcjonist\u0105 <br \/>i profesjonalist\u0105 w ka\u017cdej sytuacji i przy ka\u017cdej inwestycji Klient\u00f3w.<\/p><p><a href=\"https:\/\/projektysloboda.pl\/index.php\/projekty-budowlane\/\"><strong>Projekty budowlane<\/strong><\/a> \u015bwiadczymy <strong>na terenie ca\u0142ego Lubelskiego<\/strong>: przede wszystkim Tomasz\u00f3w Lubelski, Zamo\u015b\u0107, Che\u0142m, Bi\u0142goraj, Hrubiesz\u00f3w i okolice.<\/p>\t\t\t\t\t\t<\/div>\n\t\t\t\t<\/div>\n\t\t\t\t\t<\/div>\n\t\t<\/div>\n\t\t\t\t\t\t\t<\/div>\n\t\t<\/section>\n\t\t\t\t<section class=\"elementor-section elementor-inner-section elementor-element elementor-element-5a1f8e9d elementor-section-boxed elementor-section-height-default elementor-section-height-default\" data-id=\"5a1f8e9d\" data-element_type=\"section\" data-settings=\"{&quot;background_background&quot;:&quot;classic&quot;}\">\n\t\t\t\t\t\t<div class=\"elementor-container elementor-column-gap-default\">\n\t\t\t\t\t<div class=\"elementor-column elementor-col-100 elementor-inner-column elementor-element elementor-element-19480229\" data-id=\"19480229\" data-element_type=\"column\">\n\t\t\t<div class=\"elementor-widget-wrap elementor-element-populated\">\n\t\t\t\t\t\t\t\t<div class=\"elementor-element elementor-element-6775e31c elementor-widget elementor-widget-image\" data-id=\"6775e31c\" data-element_type=\"widget\" data-widget_type=\"image.default\">\n\t\t\t\t<div class=\"elementor-widget-container\">\n\t\t\t\t\t\t\t\t\t\t\t\t<figure class=\"wp-caption\">\n\t\t\t\t\t\t\t\t\t\t<img loading=\"lazy\" decoding=\"async\" width=\"1536\" height=\"1024\" src=\"https:\/\/projektysloboda.pl\/wp-content\/uploads\/2021\/05\/worker-with-amendments-on-blueprint-of-house-1-1536x1024.jpg\" class=\"attachment-1536x1536 size-1536x1536\" alt=\"\" srcset=\"https:\/\/projektysloboda.pl\/wp-content\/uploads\/2021\/05\/worker-with-amendments-on-blueprint-of-house-1-1536x1024.jpg 1536w, https:\/\/projektysloboda.pl\/wp-content\/uploads\/2021\/05\/worker-with-amendments-on-blueprint-of-house-1-300x200.jpg 300w, https:\/\/projektysloboda.pl\/wp-content\/uploads\/2021\/05\/worker-with-amendments-on-blueprint-of-house-1-1024x683.jpg 1024w, https:\/\/projektysloboda.pl\/wp-content\/uploads\/2021\/05\/worker-with-amendments-on-blueprint-of-house-1-768x512.jpg 768w, https:\/\/projektysloboda.pl\/wp-content\/uploads\/2021\/05\/worker-with-amendments-on-blueprint-of-house-1.jpg 2048w\" sizes=\"auto, (max-width: 1536px) 100vw, 1536px\" \/>\t\t\t\t\t\t\t\t\t\t\t<figcaption class=\"widget-image-caption wp-caption-text\">Dobry projekt, udana realizacja.<\/figcaption>\n\t\t\t\t\t\t\t\t\t\t<\/figure>\n\t\t\t\t\t\t\t\t\t<\/div>\n\t\t\t\t<\/div>\n\t\t\t\t\t<\/div>\n\t\t<\/div>\n\t\t\t\t\t\t\t<\/div>\n\t\t<\/section>\n\t\t\t\t<section class=\"elementor-section elementor-top-section elementor-element elementor-element-7c7b3860 elementor-section-stretched elementor-section-boxed elementor-section-height-default elementor-section-height-default\" data-id=\"7c7b3860\" data-element_type=\"section\" data-settings=\"{&quot;background_background&quot;:&quot;classic&quot;,&quot;stretch_section&quot;:&quot;section-stretched&quot;}\">\n\t\t\t\t\t\t\t<div class=\"elementor-background-overlay\"><\/div>\n\t\t\t\t\t\t\t<div class=\"elementor-container elementor-column-gap-default\">\n\t\t\t\t\t<div class=\"elementor-column elementor-col-100 elementor-top-column elementor-element elementor-element-6fb15e27\" data-id=\"6fb15e27\" data-element_type=\"column\">\n\t\t\t<div class=\"elementor-widget-wrap elementor-element-populated\">\n\t\t\t\t\t\t\t\t<section class=\"elementor-section elementor-inner-section elementor-element elementor-element-351de956 elementor-section-boxed elementor-section-height-default elementor-section-height-default\" data-id=\"351de956\" data-element_type=\"section\" data-settings=\"{&quot;background_background&quot;:&quot;classic&quot;}\">\n\t\t\t\t\t\t<div class=\"elementor-container elementor-column-gap-default\">\n\t\t\t\t\t<div class=\"elementor-column elementor-col-33 elementor-inner-column elementor-element elementor-element-3036fdc5\" data-id=\"3036fdc5\" data-element_type=\"column\" data-settings=\"{&quot;background_background&quot;:&quot;classic&quot;}\">\n\t\t\t<div class=\"elementor-widget-wrap elementor-element-populated\">\n\t\t\t\t\t\t\t\t<div class=\"elementor-element elementor-element-7afbc2ab elementor-widget elementor-widget-counter\" data-id=\"7afbc2ab\" data-element_type=\"widget\" data-widget_type=\"counter.default\">\n\t\t\t\t<div class=\"elementor-widget-container\">\n\t\t\t\t\t<div class=\"elementor-counter\">\n\t\t\t<div class=\"elementor-counter-number-wrapper\">\n\t\t\t\t<span class=\"elementor-counter-number-prefix\"><\/span>\n\t\t\t\t<span class=\"elementor-counter-number\" data-duration=\"2000\" data-to-value=\"103\" data-from-value=\"\" data-delimiter=\",\"><\/span>\n\t\t\t\t<span class=\"elementor-counter-number-suffix\"><\/span>\n\t\t\t<\/div>\n\t\t\t\t\t\t\t<div class=\"elementor-counter-title\">ZADOWOLONYCH KLIENT\u00d3W<\/div>\n\t\t\t\t\t<\/div>\n\t\t\t\t<\/div>\n\t\t\t\t<\/div>\n\t\t\t\t\t<\/div>\n\t\t<\/div>\n\t\t\t\t<div class=\"elementor-column elementor-col-33 elementor-inner-column elementor-element elementor-element-61a4deeb\" data-id=\"61a4deeb\" data-element_type=\"column\" data-settings=\"{&quot;background_background&quot;:&quot;classic&quot;}\">\n\t\t\t<div class=\"elementor-widget-wrap elementor-element-populated\">\n\t\t\t\t\t\t\t\t<div class=\"elementor-element elementor-element-268e18fb elementor-widget elementor-widget-counter\" data-id=\"268e18fb\" data-element_type=\"widget\" data-widget_type=\"counter.default\">\n\t\t\t\t<div class=\"elementor-widget-container\">\n\t\t\t\t\t<div class=\"elementor-counter\">\n\t\t\t<div class=\"elementor-counter-number-wrapper\">\n\t\t\t\t<span class=\"elementor-counter-number-prefix\"><\/span>\n\t\t\t\t<span class=\"elementor-counter-number\" data-duration=\"2000\" data-to-value=\"146\" data-from-value=\"1\" data-delimiter=\",\">1<\/span>\n\t\t\t\t<span class=\"elementor-counter-number-suffix\"><\/span>\n\t\t\t<\/div>\n\t\t\t\t\t\t\t<div class=\"elementor-counter-title\">ZREALIZOWANYCH PROJEKT\u00d3W<\/div>\n\t\t\t\t\t<\/div>\n\t\t\t\t<\/div>\n\t\t\t\t<\/div>\n\t\t\t\t\t<\/div>\n\t\t<\/div>\n\t\t\t\t<div class=\"elementor-column elementor-col-33 elementor-inner-column elementor-element elementor-element-7925e07d\" data-id=\"7925e07d\" data-element_type=\"column\" data-settings=\"{&quot;background_background&quot;:&quot;classic&quot;}\">\n\t\t\t<div class=\"elementor-widget-wrap elementor-element-populated\">\n\t\t\t\t\t\t\t\t<div class=\"elementor-element elementor-element-30655ee6 elementor-widget elementor-widget-counter\" data-id=\"30655ee6\" data-element_type=\"widget\" data-widget_type=\"counter.default\">\n\t\t\t\t<div class=\"elementor-widget-container\">\n\t\t\t\t\t<div class=\"elementor-counter\">\n\t\t\t<div class=\"elementor-counter-number-wrapper\">\n\t\t\t\t<span class=\"elementor-counter-number-prefix\"><\/span>\n\t\t\t\t<span class=\"elementor-counter-number\" data-duration=\"2000\" data-to-value=\"10\" data-from-value=\"\" data-delimiter=\",\"><\/span>\n\t\t\t\t<span class=\"elementor-counter-number-suffix\"><\/span>\n\t\t\t<\/div>\n\t\t\t\t\t\t\t<div class=\"elementor-counter-title\">Lat do\u015bwiadczenia<\/div>\n\t\t\t\t\t<\/div>\n\t\t\t\t<\/div>\n\t\t\t\t<\/div>\n\t\t\t\t\t<\/div>\n\t\t<\/div>\n\t\t\t\t\t\t\t<\/div>\n\t\t<\/section>\n\t\t\t\t\t<\/div>\n\t\t<\/div>\n\t\t\t\t\t\t\t<\/div>\n\t\t<\/section>\n\t\t\t\t\t\t<\/div>\n\t\t\t\t\t<\/div>\n\t\t","protected":false},"excerpt":{"rendered":"<p>O NAS Biuro Projektowe &#8211; Tomasz\u00f3w LubelskiMagister Miros\u0142aw S\u0142oboda O nas Biuro Projektowe &#8211; Tomasz\u00f3w Lubelski Magister Miros\u0142aw S\u0142oboda to uzdolniony projektant oraz kierownik budowy w zakresie konstrukcyjno-budowlanym oraz rzeczoznawca budowlany. \u015awiadczymy r\u00f3wnie\u017c kompleksow\u0105 obs\u0142ug\u0119 z zakresu projektowania budynk\u00f3w, \u00a0adaptacji projekt\u00f3w gotowych, rozbudowy oraz\u00a0modernizacji.Klienci s\u0105 zadowoleni z wsp\u00f3\u0142pracy z naszym biurem projektowym z Tomaszowa Lubelskiego, [&hellip;]<\/p>\n","protected":false},"author":1,"featured_media":0,"parent":0,"menu_order":0,"comment_status":"closed","ping_status":"closed","template":"","meta":{"om_disable_all_campaigns":false,"_monsterinsights_skip_tracking":false,"_monsterinsights_sitenote_active":false,"_monsterinsights_sitenote_note":"","_monsterinsights_sitenote_category":0,"footnotes":""},"class_list":["post-57","page","type-page","status-publish","hentry"],"_links":{"self":[{"href":"https:\/\/projektysloboda.pl\/index.php\/wp-json\/wp\/v2\/pages\/57","targetHints":{"allow":["GET"]}}],"collection":[{"href":"https:\/\/projektysloboda.pl\/index.php\/wp-json\/wp\/v2\/pages"}],"about":[{"href":"https:\/\/projektysloboda.pl\/index.php\/wp-json\/wp\/v2\/types\/page"}],"author":[{"embeddable":true,"href":"https:\/\/projektysloboda.pl\/index.php\/wp-json\/wp\/v2\/users\/1"}],"replies":[{"embeddable":true,"href":"https:\/\/projektysloboda.pl\/index.php\/wp-json\/wp\/v2\/comments?post=57"}],"version-history":[{"count":41,"href":"https:\/\/projektysloboda.pl\/index.php\/wp-json\/wp\/v2\/pages\/57\/revisions"}],"predecessor-version":[{"id":494,"href":"https:\/\/projektysloboda.pl\/index.php\/wp-json\/wp\/v2\/pages\/57\/revisions\/494"}],"wp:attachment":[{"href":"https:\/\/projektysloboda.pl\/index.php\/wp-json\/wp\/v2\/media?parent=57"}],"curies":[{"name":"wp","href":"https:\/\/api.w.org\/{rel}","templated":true}]}}