{"id":304,"date":"2021-05-21T20:37:59","date_gmt":"2021-05-21T20:37:59","guid":{"rendered":"https:\/\/projektysloboda.pl\/?page_id=304"},"modified":"2021-05-21T21:42:47","modified_gmt":"2021-05-21T21:42:47","slug":"kierownik-budowy","status":"publish","type":"page","link":"https:\/\/projektysloboda.pl\/index.php\/kierownik-budowy\/","title":{"rendered":"Kierownik Budowy"},"content":{"rendered":"\t\t<div data-elementor-type=\"wp-page\" data-elementor-id=\"304\" class=\"elementor elementor-304\" data-elementor-settings=\"[]\">\n\t\t\t\t\t\t\t<div class=\"elementor-section-wrap\">\n\t\t\t\t\t\t\t<section class=\"elementor-section elementor-top-section elementor-element elementor-element-5e8d432e elementor-section-content-top elementor-section-height-min-height elementor-section-stretched elementor-section-boxed elementor-section-height-default elementor-section-items-middle\" data-id=\"5e8d432e\" data-element_type=\"section\" data-settings=\"{&quot;background_background&quot;:&quot;classic&quot;,&quot;stretch_section&quot;:&quot;section-stretched&quot;}\">\n\t\t\t\t\t\t\t<div class=\"elementor-background-overlay\"><\/div>\n\t\t\t\t\t\t\t<div class=\"elementor-container elementor-column-gap-default\">\n\t\t\t\t\t<div class=\"elementor-column elementor-col-100 elementor-top-column elementor-element elementor-element-53f1bb16\" data-id=\"53f1bb16\" data-element_type=\"column\">\n\t\t\t<div class=\"elementor-widget-wrap elementor-element-populated\">\n\t\t\t\t\t\t\t\t<div class=\"elementor-element elementor-element-6b3e0702 elementor-invisible elementor-widget elementor-widget-heading\" data-id=\"6b3e0702\" data-element_type=\"widget\" data-settings=\"{&quot;_animation&quot;:&quot;fadeIn&quot;}\" data-widget_type=\"heading.default\">\n\t\t\t\t<div class=\"elementor-widget-container\">\n\t\t\t<h1 class=\"elementor-heading-title elementor-size-default\">Kierownik budowy<br>\ni nadz\u00f3r budowlany<\/h1>\t\t<\/div>\n\t\t\t\t<\/div>\n\t\t\t\t<div class=\"elementor-element elementor-element-4f128a8 elementor-widget elementor-widget-text-editor\" data-id=\"4f128a8\" data-element_type=\"widget\" data-widget_type=\"text-editor.default\">\n\t\t\t\t<div class=\"elementor-widget-container\">\n\t\t\t\t\t\t\t<p><strong>Kierownik budowy<\/strong> &#8211; Miros\u0142aw S\u0142oboda<br \/>Specjalno\u015bci\u0105 naszej firmy s\u0105 <strong>nadzory budowlane<\/strong>, kt\u00f3re prowadzone s\u0105 na <strong>terenie Tomaszowa Lubelskiego<br \/>i okolicznych miejscowo\u015bci<\/strong><\/p><p>\u00a0<\/p>\t\t\t\t\t\t<\/div>\n\t\t\t\t<\/div>\n\t\t\t\t\t<\/div>\n\t\t<\/div>\n\t\t\t\t\t\t\t<\/div>\n\t\t<\/section>\n\t\t\t\t<section class=\"elementor-section elementor-inner-section elementor-element elementor-element-55e4618f elementor-section-boxed elementor-section-height-default elementor-section-height-default\" data-id=\"55e4618f\" data-element_type=\"section\">\n\t\t\t\t\t\t<div class=\"elementor-container elementor-column-gap-default\">\n\t\t\t\t\t<div class=\"elementor-column elementor-col-100 elementor-inner-column elementor-element elementor-element-1e3ed827 elementor-invisible\" data-id=\"1e3ed827\" data-element_type=\"column\" data-settings=\"{&quot;background_background&quot;:&quot;classic&quot;,&quot;animation&quot;:&quot;fadeInRight&quot;}\">\n\t\t\t<div class=\"elementor-widget-wrap elementor-element-populated\">\n\t\t\t\t\t\t\t\t<div class=\"elementor-element elementor-element-77e0100e elementor-widget elementor-widget-heading\" data-id=\"77e0100e\" data-element_type=\"widget\" data-widget_type=\"heading.default\">\n\t\t\t\t<div class=\"elementor-widget-container\">\n\t\t\t<p class=\"elementor-heading-title elementor-size-default\">Tomasz\u00f3w Lubelski<\/p>\t\t<\/div>\n\t\t\t\t<\/div>\n\t\t\t\t<div class=\"elementor-element elementor-element-2ff9d520 elementor-widget elementor-widget-heading\" data-id=\"2ff9d520\" data-element_type=\"widget\" data-widget_type=\"heading.default\">\n\t\t\t\t<div class=\"elementor-widget-container\">\n\t\t\t<h2 class=\"elementor-heading-title elementor-size-default\"><span style=\"font-size: 2.2rem;\">Kierownik budowy i n<\/span>adz\u00f3r budowlany<\/h2>\t\t<\/div>\n\t\t\t\t<\/div>\n\t\t\t\t<div class=\"elementor-element elementor-element-964fecf elementor-widget elementor-widget-text-editor\" data-id=\"964fecf\" data-element_type=\"widget\" data-widget_type=\"text-editor.default\">\n\t\t\t\t<div class=\"elementor-widget-container\">\n\t\t\t\t\t\t\t<p><strong>Budowa domu to powa\u017cne i skomplikowane przedsi\u0119wzi\u0119cie.<\/strong>\u00a0Dlatego podczas prac<strong>\u00a0niezb\u0119dny jest ki<\/strong><strong>erownik budowy,<br \/><\/strong>a w niekt\u00f3rych przypadkach r\u00f3wnie\u017c inspektor nadzoru inwestorskiego, kt\u00f3ry dopilnuje prawid\u0142owego wykonania poszczeg\u00f3lnych etap\u00f3w budowy.<br \/><br \/>Nasza firma zapewnia us\u0142ugi <strong>do\u015bwiadczonego Kierownika Budowy<\/strong> z odpowiednimi uprawnieniami, kt\u00f3ry przyjmuje na siebie obowi\u0105zek obecno\u015bci na placu budowy od pocz\u0105tku do ko\u0144ca trwania procesu inwestycyjnego oraz podejmowania decyzji o poprawno\u015bci wykonanych prac w kolejnych etapach inwestycji.<\/p><p>Specjalno\u015bci\u0105 naszej firmy s\u0105<strong> nadzory budowlane,<\/strong> kt\u00f3re prowadzone s\u0105 na<strong> terenie Tomaszowa Lubelskiego i okolicznych miejscowo\u015bci,<br \/><\/strong>jak w ca\u0142ym wojew\u00f3dztwie Lubelskim. <strong>Zapewniamy fachowy i rzetelny nadz\u00f3r i doradztwo techniczne.\u00a0<\/strong><\/p><p>Zapewniamy!<\/p><ul><li>Zg\u0142oszenie budowy w PINB,<\/li><li>Sporz\u0105dzenie planu BIOZ,<\/li><li>Systematyczne prowadzenie dziennika budowy oraz dokumentacji budowy,<\/li><li>Systematyczna kontrola budowy poprzez sprawdzanie poprawno\u015bci wykonanych rob\u00f3t pod wzgl\u0119dem technicznym oraz jako\u015bciowym,<\/li><li>Odbiory techniczne rob\u00f3t zanikowych,<\/li><li>Konsultacje techniczne dotycz\u0105ce optymalizacji koszt\u00f3w, doboru optymalnej technologii i odpowiednich podwykonawc\u00f3w,<\/li><li>Kontrola poprawno\u015bci wykonania rob\u00f3t zgodnie z projektem,<\/li><li>Weryfikacja dokumentacji projektowej,<\/li><li>Uczestnictwo w odbiorach ko\u0144cowych,<\/li><li>Sporz\u0105dzenie dokumentacji powykonawczej,<\/li><li>Przygotowanie dokument\u00f3w do uzyskania pozwolenia na u\u017cytkowanie.<\/li><\/ul>\t\t\t\t\t\t<\/div>\n\t\t\t\t<\/div>\n\t\t\t\t\t<\/div>\n\t\t<\/div>\n\t\t\t\t\t\t\t<\/div>\n\t\t<\/section>\n\t\t\t\t<section class=\"elementor-section elementor-inner-section elementor-element elementor-element-296339e6 elementor-section-boxed elementor-section-height-default elementor-section-height-default\" data-id=\"296339e6\" data-element_type=\"section\">\n\t\t\t\t\t\t<div class=\"elementor-container elementor-column-gap-default\">\n\t\t\t\t\t<div class=\"elementor-column elementor-col-100 elementor-inner-column elementor-element elementor-element-4027ef0 elementor-invisible\" data-id=\"4027ef0\" data-element_type=\"column\" data-settings=\"{&quot;animation&quot;:&quot;fadeInLeft&quot;}\">\n\t\t\t<div class=\"elementor-widget-wrap elementor-element-populated\">\n\t\t\t\t\t\t\t\t<div class=\"elementor-element elementor-element-2950a6bc elementor-widget elementor-widget-image\" data-id=\"2950a6bc\" data-element_type=\"widget\" data-widget_type=\"image.default\">\n\t\t\t\t<div class=\"elementor-widget-container\">\n\t\t\t\t\t\t\t\t\t\t\t\t<figure class=\"wp-caption\">\n\t\t\t\t\t\t\t\t\t\t\t<a href=\"https:\/\/projektysloboda.pl\/index.php\/kierownik-budowy\/\">\n\t\t\t\t\t\t\t<img loading=\"lazy\" decoding=\"async\" width=\"2048\" height=\"1365\" src=\"https:\/\/projektysloboda.pl\/wp-content\/uploads\/2021\/05\/engineers-in-helmets-standing-by-the-factory.jpg\" class=\"elementor-animation-float attachment-full size-full\" alt=\"Kierownik budowy i nadz\u00f3r budowlany\" srcset=\"https:\/\/projektysloboda.pl\/wp-content\/uploads\/2021\/05\/engineers-in-helmets-standing-by-the-factory.jpg 2048w, https:\/\/projektysloboda.pl\/wp-content\/uploads\/2021\/05\/engineers-in-helmets-standing-by-the-factory-300x200.jpg 300w, https:\/\/projektysloboda.pl\/wp-content\/uploads\/2021\/05\/engineers-in-helmets-standing-by-the-factory-1024x683.jpg 1024w, https:\/\/projektysloboda.pl\/wp-content\/uploads\/2021\/05\/engineers-in-helmets-standing-by-the-factory-768x512.jpg 768w, https:\/\/projektysloboda.pl\/wp-content\/uploads\/2021\/05\/engineers-in-helmets-standing-by-the-factory-1536x1024.jpg 1536w\" sizes=\"auto, (max-width: 2048px) 100vw, 2048px\" \/>\t\t\t\t\t\t\t\t<\/a>\n\t\t\t\t\t\t\t\t\t\t\t<figcaption class=\"widget-image-caption wp-caption-text\">Kierownik budowy i nadz\u00f3r budowlany<\/figcaption>\n\t\t\t\t\t\t\t\t\t\t<\/figure>\n\t\t\t\t\t\t\t\t\t<\/div>\n\t\t\t\t<\/div>\n\t\t\t\t\t<\/div>\n\t\t<\/div>\n\t\t\t\t\t\t\t<\/div>\n\t\t<\/section>\n\t\t\t\t\t\t<\/div>\n\t\t\t\t\t<\/div>\n\t\t","protected":false},"excerpt":{"rendered":"<p>Kierownik budowy i nadz\u00f3r budowlany Kierownik budowy &#8211; Miros\u0142aw S\u0142obodaSpecjalno\u015bci\u0105 naszej firmy s\u0105 nadzory budowlane, kt\u00f3re prowadzone s\u0105 na terenie Tomaszowa Lubelskiegoi okolicznych miejscowo\u015bci \u00a0 Tomasz\u00f3w Lubelski Kierownik budowy i nadz\u00f3r budowlany Budowa domu to powa\u017cne i skomplikowane przedsi\u0119wzi\u0119cie.\u00a0Dlatego podczas prac\u00a0niezb\u0119dny jest kierownik budowy,a w niekt\u00f3rych przypadkach r\u00f3wnie\u017c inspektor nadzoru inwestorskiego, kt\u00f3ry dopilnuje prawid\u0142owego wykonania [&hellip;]<\/p>\n","protected":false},"author":1,"featured_media":81,"parent":0,"menu_order":0,"comment_status":"closed","ping_status":"closed","template":"","meta":{"om_disable_all_campaigns":false,"_monsterinsights_skip_tracking":false,"_monsterinsights_sitenote_active":false,"_monsterinsights_sitenote_note":"","_monsterinsights_sitenote_category":0,"footnotes":""},"class_list":["post-304","page","type-page","status-publish","has-post-thumbnail","hentry"],"_links":{"self":[{"href":"https:\/\/projektysloboda.pl\/index.php\/wp-json\/wp\/v2\/pages\/304","targetHints":{"allow":["GET"]}}],"collection":[{"href":"https:\/\/projektysloboda.pl\/index.php\/wp-json\/wp\/v2\/pages"}],"about":[{"href":"https:\/\/projektysloboda.pl\/index.php\/wp-json\/wp\/v2\/types\/page"}],"author":[{"embeddable":true,"href":"https:\/\/projektysloboda.pl\/index.php\/wp-json\/wp\/v2\/users\/1"}],"replies":[{"embeddable":true,"href":"https:\/\/projektysloboda.pl\/index.php\/wp-json\/wp\/v2\/comments?post=304"}],"version-history":[{"count":28,"href":"https:\/\/projektysloboda.pl\/index.php\/wp-json\/wp\/v2\/pages\/304\/revisions"}],"predecessor-version":[{"id":391,"href":"https:\/\/projektysloboda.pl\/index.php\/wp-json\/wp\/v2\/pages\/304\/revisions\/391"}],"wp:featuredmedia":[{"embeddable":true,"href":"https:\/\/projektysloboda.pl\/index.php\/wp-json\/wp\/v2\/media\/81"}],"wp:attachment":[{"href":"https:\/\/projektysloboda.pl\/index.php\/wp-json\/wp\/v2\/media?parent=304"}],"curies":[{"name":"wp","href":"https:\/\/api.w.org\/{rel}","templated":true}]}}