{"id":191,"date":"2021-05-20T19:08:43","date_gmt":"2021-05-20T19:08:43","guid":{"rendered":"https:\/\/projektysloboda.pl\/?page_id=191"},"modified":"2021-05-21T21:41:59","modified_gmt":"2021-05-21T21:41:59","slug":"adaptacje-obiektow-istniejacych","status":"publish","type":"page","link":"https:\/\/projektysloboda.pl\/index.php\/adaptacje-obiektow-istniejacych\/","title":{"rendered":"Adaptacje obiekt\u00f3w istniej\u0105cych"},"content":{"rendered":"\t\t<div data-elementor-type=\"wp-page\" data-elementor-id=\"191\" class=\"elementor elementor-191\" data-elementor-settings=\"[]\">\n\t\t\t\t\t\t\t<div class=\"elementor-section-wrap\">\n\t\t\t\t\t\t\t<section class=\"elementor-section elementor-top-section elementor-element elementor-element-36498a8b elementor-section-content-top elementor-section-height-min-height elementor-section-stretched elementor-section-boxed elementor-section-height-default elementor-section-items-middle\" data-id=\"36498a8b\" data-element_type=\"section\" data-settings=\"{&quot;background_background&quot;:&quot;classic&quot;,&quot;stretch_section&quot;:&quot;section-stretched&quot;}\">\n\t\t\t\t\t\t\t<div class=\"elementor-background-overlay\"><\/div>\n\t\t\t\t\t\t\t<div class=\"elementor-container elementor-column-gap-default\">\n\t\t\t\t\t<div class=\"elementor-column elementor-col-100 elementor-top-column elementor-element elementor-element-6c44362d\" data-id=\"6c44362d\" data-element_type=\"column\">\n\t\t\t<div class=\"elementor-widget-wrap elementor-element-populated\">\n\t\t\t\t\t\t\t\t<div class=\"elementor-element elementor-element-26458d48 elementor-invisible elementor-widget elementor-widget-heading\" data-id=\"26458d48\" data-element_type=\"widget\" data-settings=\"{&quot;_animation&quot;:&quot;fadeIn&quot;}\" data-widget_type=\"heading.default\">\n\t\t\t\t<div class=\"elementor-widget-container\">\n\t\t\t<h1 class=\"elementor-heading-title elementor-size-default\">Adaptacje obiekt\u00f3w istniej\u0105cych<\/h1>\t\t<\/div>\n\t\t\t\t<\/div>\n\t\t\t\t<div class=\"elementor-element elementor-element-504ca40e elementor-widget elementor-widget-text-editor\" data-id=\"504ca40e\" data-element_type=\"widget\" data-widget_type=\"text-editor.default\">\n\t\t\t\t<div class=\"elementor-widget-container\">\n\t\t\t\t\t\t\t<p><span style=\"font-weight: 400;\">Je\u015bli zakupili\u015bcie gotowy projekt budynku <b><strong>mo\u017cemy wykona\u0107 jego adaptacj\u0119<\/strong><\/b>\u00a0i dostosowa\u0107 go do warunk\u00f3w na dzia\u0142ce<\/span><\/p>\t\t\t\t\t\t<\/div>\n\t\t\t\t<\/div>\n\t\t\t\t\t<\/div>\n\t\t<\/div>\n\t\t\t\t\t\t\t<\/div>\n\t\t<\/section>\n\t\t\t\t<section class=\"elementor-section elementor-inner-section elementor-element elementor-element-59d85060 elementor-section-boxed elementor-section-height-default elementor-section-height-default\" data-id=\"59d85060\" data-element_type=\"section\">\n\t\t\t\t\t\t<div class=\"elementor-container elementor-column-gap-default\">\n\t\t\t\t\t<div class=\"elementor-column elementor-col-100 elementor-inner-column elementor-element elementor-element-122cce45 elementor-invisible\" data-id=\"122cce45\" data-element_type=\"column\" data-settings=\"{&quot;background_background&quot;:&quot;classic&quot;,&quot;animation&quot;:&quot;fadeInRight&quot;}\">\n\t\t\t<div class=\"elementor-widget-wrap elementor-element-populated\">\n\t\t\t\t\t\t\t\t<div class=\"elementor-element elementor-element-4f148d56 elementor-widget elementor-widget-heading\" data-id=\"4f148d56\" data-element_type=\"widget\" data-widget_type=\"heading.default\">\n\t\t\t\t<div class=\"elementor-widget-container\">\n\t\t\t<p class=\"elementor-heading-title elementor-size-default\">Tomasz\u00f3w Lubelski<\/p>\t\t<\/div>\n\t\t\t\t<\/div>\n\t\t\t\t<div class=\"elementor-element elementor-element-1294ed9b elementor-widget elementor-widget-heading\" data-id=\"1294ed9b\" data-element_type=\"widget\" data-widget_type=\"heading.default\">\n\t\t\t\t<div class=\"elementor-widget-container\">\n\t\t\t<h2 class=\"elementor-heading-title elementor-size-default\">Adaptacje obiekt\u00f3w istniej\u0105cych<\/h2>\t\t<\/div>\n\t\t\t\t<\/div>\n\t\t\t\t<div class=\"elementor-element elementor-element-13e95707 elementor-widget elementor-widget-text-editor\" data-id=\"13e95707\" data-element_type=\"widget\" data-widget_type=\"text-editor.default\">\n\t\t\t\t<div class=\"elementor-widget-container\">\n\t\t\t\t\t\t\t<p style=\"font-weight: 400;\"><span style=\"font-weight: 400;\"><strong>Adaptacje obiekt\u00f3w istniej\u0105cych<\/strong> &#8211; Je\u015bli zakupili\u015bcie gotowy projekt budynku <b><strong>mo\u017cemy wykona\u0107 jego adaptacj\u0119<\/strong><\/b>\u00a0i dostosowa\u0107 go do warunk\u00f3w na dzia\u0142ce. Podczas spotkania wst\u0119pnego ustalamy Pa\u0144stwa potrzeby wzgl\u0119dem budynku, zakres zmian w projekcie, rysunki zamienne, plan zagospodarowania terenu.<\/span><\/p><p style=\"font-weight: 400;\"><span style=\"font-weight: 400;\">Zanim zakupicie Pa\u0144stwo projekt gotowy zapraszamy r\u00f3wnie\u017c na\u00a0<b><strong>bezp\u0142atne konsultacje<\/strong><\/b>\u00a0podczas kt\u00f3rych om\u00f3wimy wybrany projekt i odpowiemy na wszelkie pytania.<\/span><\/p><p>Zakupiony samodzielnie przez Inwestora projekt tak naprawd\u0119 nie jest projektem dzi\u0119ki kt\u00f3remu jeste\u015bmy w stanie uzyska\u0107 pozwolenie na budow\u0119. W rozumieniu Prawa Budowlanego <strong>projektem stanie si\u0119 dopiero po adaptacji przez architekta i in\u017cynier\u00f3w posiadaj\u0105cych odpowiednie uprawnienia budowlane<\/strong> (konstruktora, architekta oraz bran\u017cyst\u00f3w instalacji sanitarnych oraz elektrycznych). Projektant adaptuj\u0105cy bierze za projekt pe\u0142n\u0105 odpowiedzialno\u015b\u0107.<\/p><p>Przed zakupem projektu <strong>zalecamy kontakt z nasz\u0105 pracowni\u0105 w Tomaszowie Lubelskim<\/strong>\u00a0 w celu sprawdzenia czy wybrany projekt domu z mie\u015bci si\u0119 na dzia\u0142k\u0119 inwestora zoraz czy zostan\u0105 zachowane wszelkie niezb\u0119dne parametry zgodne z zapisami prawa lokalnego oraz warunk\u00f3w technicznych. (Warunki Zabudowy lub Miejscowy Plan Zagospodarowania Przestrzennego)<\/p>\t\t\t\t\t\t<\/div>\n\t\t\t\t<\/div>\n\t\t\t\t\t<\/div>\n\t\t<\/div>\n\t\t\t\t\t\t\t<\/div>\n\t\t<\/section>\n\t\t\t\t<section class=\"elementor-section elementor-inner-section elementor-element elementor-element-1123f676 elementor-section-boxed elementor-section-height-default elementor-section-height-default\" data-id=\"1123f676\" data-element_type=\"section\">\n\t\t\t\t\t\t<div class=\"elementor-container elementor-column-gap-default\">\n\t\t\t\t\t<div class=\"elementor-column elementor-col-100 elementor-inner-column elementor-element elementor-element-4e9a5349 elementor-invisible\" data-id=\"4e9a5349\" data-element_type=\"column\" data-settings=\"{&quot;animation&quot;:&quot;fadeInLeft&quot;}\">\n\t\t\t<div class=\"elementor-widget-wrap elementor-element-populated\">\n\t\t\t\t\t\t\t\t<div class=\"elementor-element elementor-element-f232170 elementor-widget elementor-widget-image\" data-id=\"f232170\" data-element_type=\"widget\" data-widget_type=\"image.default\">\n\t\t\t\t<div class=\"elementor-widget-container\">\n\t\t\t\t\t\t\t\t\t\t\t\t\t\t\t<img loading=\"lazy\" decoding=\"async\" width=\"2048\" height=\"1366\" src=\"https:\/\/projektysloboda.pl\/wp-content\/uploads\/2021\/05\/interior-design-of-modern-building.jpg\" class=\"elementor-animation-float attachment-full size-full\" alt=\"\" srcset=\"https:\/\/projektysloboda.pl\/wp-content\/uploads\/2021\/05\/interior-design-of-modern-building.jpg 2048w, https:\/\/projektysloboda.pl\/wp-content\/uploads\/2021\/05\/interior-design-of-modern-building-300x200.jpg 300w, https:\/\/projektysloboda.pl\/wp-content\/uploads\/2021\/05\/interior-design-of-modern-building-1024x683.jpg 1024w, https:\/\/projektysloboda.pl\/wp-content\/uploads\/2021\/05\/interior-design-of-modern-building-768x512.jpg 768w, https:\/\/projektysloboda.pl\/wp-content\/uploads\/2021\/05\/interior-design-of-modern-building-1536x1025.jpg 1536w\" sizes=\"auto, (max-width: 2048px) 100vw, 2048px\" \/>\t\t\t\t\t\t\t\t\t\t\t\t\t\t\t<\/div>\n\t\t\t\t<\/div>\n\t\t\t\t\t<\/div>\n\t\t<\/div>\n\t\t\t\t\t\t\t<\/div>\n\t\t<\/section>\n\t\t\t\t\t\t<\/div>\n\t\t\t\t\t<\/div>\n\t\t","protected":false},"excerpt":{"rendered":"<p>Adaptacje obiekt\u00f3w istniej\u0105cych Je\u015bli zakupili\u015bcie gotowy projekt budynku mo\u017cemy wykona\u0107 jego adaptacj\u0119\u00a0i dostosowa\u0107 go do warunk\u00f3w na dzia\u0142ce Tomasz\u00f3w Lubelski Adaptacje obiekt\u00f3w istniej\u0105cych Adaptacje obiekt\u00f3w istniej\u0105cych &#8211; Je\u015bli zakupili\u015bcie gotowy projekt budynku mo\u017cemy wykona\u0107 jego adaptacj\u0119\u00a0i dostosowa\u0107 go do warunk\u00f3w na dzia\u0142ce. Podczas spotkania wst\u0119pnego ustalamy Pa\u0144stwa potrzeby wzgl\u0119dem budynku, zakres zmian w projekcie, rysunki [&hellip;]<\/p>\n","protected":false},"author":1,"featured_media":0,"parent":0,"menu_order":0,"comment_status":"closed","ping_status":"closed","template":"","meta":{"om_disable_all_campaigns":false,"_monsterinsights_skip_tracking":false,"_monsterinsights_sitenote_active":false,"_monsterinsights_sitenote_note":"","_monsterinsights_sitenote_category":0,"footnotes":""},"class_list":["post-191","page","type-page","status-publish","hentry"],"_links":{"self":[{"href":"https:\/\/projektysloboda.pl\/index.php\/wp-json\/wp\/v2\/pages\/191","targetHints":{"allow":["GET"]}}],"collection":[{"href":"https:\/\/projektysloboda.pl\/index.php\/wp-json\/wp\/v2\/pages"}],"about":[{"href":"https:\/\/projektysloboda.pl\/index.php\/wp-json\/wp\/v2\/types\/page"}],"author":[{"embeddable":true,"href":"https:\/\/projektysloboda.pl\/index.php\/wp-json\/wp\/v2\/users\/1"}],"replies":[{"embeddable":true,"href":"https:\/\/projektysloboda.pl\/index.php\/wp-json\/wp\/v2\/comments?post=191"}],"version-history":[{"count":19,"href":"https:\/\/projektysloboda.pl\/index.php\/wp-json\/wp\/v2\/pages\/191\/revisions"}],"predecessor-version":[{"id":455,"href":"https:\/\/projektysloboda.pl\/index.php\/wp-json\/wp\/v2\/pages\/191\/revisions\/455"}],"wp:attachment":[{"href":"https:\/\/projektysloboda.pl\/index.php\/wp-json\/wp\/v2\/media?parent=191"}],"curies":[{"name":"wp","href":"https:\/\/api.w.org\/{rel}","templated":true}]}}