{"id":190,"date":"2021-05-20T19:08:43","date_gmt":"2021-05-20T19:08:43","guid":{"rendered":"https:\/\/projektysloboda.pl\/?page_id=190"},"modified":"2021-05-21T21:40:55","modified_gmt":"2021-05-21T21:40:55","slug":"projekty-budowlane","status":"publish","type":"page","link":"https:\/\/projektysloboda.pl\/index.php\/projekty-budowlane\/","title":{"rendered":"Projekty Budowlane"},"content":{"rendered":"\t\t<div data-elementor-type=\"wp-page\" data-elementor-id=\"190\" class=\"elementor elementor-190\" data-elementor-settings=\"[]\">\n\t\t\t\t\t\t\t<div class=\"elementor-section-wrap\">\n\t\t\t\t\t\t\t<section class=\"elementor-section elementor-top-section elementor-element elementor-element-4c50312c elementor-section-content-top elementor-section-height-min-height elementor-section-stretched elementor-section-boxed elementor-section-height-default elementor-section-items-middle\" data-id=\"4c50312c\" data-element_type=\"section\" data-settings=\"{&quot;background_background&quot;:&quot;classic&quot;,&quot;stretch_section&quot;:&quot;section-stretched&quot;}\">\n\t\t\t\t\t\t\t<div class=\"elementor-background-overlay\"><\/div>\n\t\t\t\t\t\t\t<div class=\"elementor-container elementor-column-gap-default\">\n\t\t\t\t\t<div class=\"elementor-column elementor-col-100 elementor-top-column elementor-element elementor-element-49657bc0\" data-id=\"49657bc0\" data-element_type=\"column\">\n\t\t\t<div class=\"elementor-widget-wrap elementor-element-populated\">\n\t\t\t\t\t\t\t\t<div class=\"elementor-element elementor-element-5e03fa10 elementor-invisible elementor-widget elementor-widget-heading\" data-id=\"5e03fa10\" data-element_type=\"widget\" data-settings=\"{&quot;_animation&quot;:&quot;fadeIn&quot;}\" data-widget_type=\"heading.default\">\n\t\t\t\t<div class=\"elementor-widget-container\">\n\t\t\t<h1 class=\"elementor-heading-title elementor-size-default\">PROJEKTY BUDOWLANE<\/h1>\t\t<\/div>\n\t\t\t\t<\/div>\n\t\t\t\t<div class=\"elementor-element elementor-element-5d51fa22 elementor-widget elementor-widget-text-editor\" data-id=\"5d51fa22\" data-element_type=\"widget\" data-widget_type=\"text-editor.default\">\n\t\t\t\t<div class=\"elementor-widget-container\">\n\t\t\t\t\t\t\t<p>Projekty budowlane w Tomaszowie Lubelskim i okolicy.<\/p>\t\t\t\t\t\t<\/div>\n\t\t\t\t<\/div>\n\t\t\t\t\t<\/div>\n\t\t<\/div>\n\t\t\t\t\t\t\t<\/div>\n\t\t<\/section>\n\t\t\t\t<section class=\"elementor-section elementor-inner-section elementor-element elementor-element-a5cb186 elementor-section-boxed elementor-section-height-default elementor-section-height-default\" data-id=\"a5cb186\" data-element_type=\"section\">\n\t\t\t\t\t\t<div class=\"elementor-container elementor-column-gap-default\">\n\t\t\t\t\t<div class=\"elementor-column elementor-col-100 elementor-inner-column elementor-element elementor-element-4517519f elementor-invisible\" data-id=\"4517519f\" data-element_type=\"column\" data-settings=\"{&quot;background_background&quot;:&quot;classic&quot;,&quot;animation&quot;:&quot;fadeInRight&quot;}\">\n\t\t\t<div class=\"elementor-widget-wrap elementor-element-populated\">\n\t\t\t\t\t\t\t\t<div class=\"elementor-element elementor-element-5c86bd2a elementor-widget elementor-widget-heading\" data-id=\"5c86bd2a\" data-element_type=\"widget\" data-widget_type=\"heading.default\">\n\t\t\t\t<div class=\"elementor-widget-container\">\n\t\t\t<p class=\"elementor-heading-title elementor-size-default\">Tomasz\u00f3w Lubelski<\/p>\t\t<\/div>\n\t\t\t\t<\/div>\n\t\t\t\t<div class=\"elementor-element elementor-element-2be9ad52 elementor-widget elementor-widget-heading\" data-id=\"2be9ad52\" data-element_type=\"widget\" data-widget_type=\"heading.default\">\n\t\t\t\t<div class=\"elementor-widget-container\">\n\t\t\t<h2 class=\"elementor-heading-title elementor-size-default\">Projekty Budowlane<\/h2>\t\t<\/div>\n\t\t\t\t<\/div>\n\t\t\t\t<div class=\"elementor-element elementor-element-1f484406 elementor-widget elementor-widget-text-editor\" data-id=\"1f484406\" data-element_type=\"widget\" data-widget_type=\"text-editor.default\">\n\t\t\t\t<div class=\"elementor-widget-container\">\n\t\t\t\t\t\t\t<p><strong>Projekty budowlane, wykonawcze i warsztatowe bran\u017cy konstrukcyjnej oraz wielobran\u017cowej <\/strong>(projekty obiekt\u00f3w nowych, przebudowy, remonty, wzmocnienia konstrukcji, tak\u017ce projekty wzmocnie\u0144 tymczasowych w przypadku potrzeby szybkiego dzia\u0142ania)<\/p><p>Projektujemy\u00a0<strong>domy jednorodzinne<\/strong>, bli\u017aniacze, szeregowe. Budynki nowe, rozbudowy, przebudowy, nadbudowy budynk\u00f3w mieszkalnych.\u00a0<strong>Wsp\u00f3\u0142prac\u0119<br \/><\/strong>rozpoczynamy od spotkania wst\u0119pnego okre\u015blaj\u0105cego Wasze potrzeby, poprzez przeprowadzenie wszelkich formalno\u015bci, a\u017c do uzyskania\u00a0<strong>pozwolenia na budow\u0119<\/strong>.<\/p><p>Podczas opracowywania projektu wykonujemy\u00a0<strong>inwentaryzacje<\/strong>, ocen\u0119 stanu technicznego budynku, koncepcje,\u00a0<strong>wizualizacje budynku<\/strong>. Wszystkie elementy projektu uzgadniamy wsp\u00f3lnie<br \/>z Inwestorem.<\/p><p>Najwa\u017cniejsze elementy konstrukcyjne budynku to: <strong>fundamenty, stropy, sklepienia, podci\u0105gi, s\u0142upy, p\u0142yty, wi\u0119\u017aby dachowe, \u015bciany no\u015bne, nadpro\u017ca<\/strong> itp. Opr\u00f3cz konstrukcji podstawowych, w budynkach wyst\u0119puj\u0105 tak\u017ce konstrukcje drugoplanowe, czyli: \u015bciany dzia\u0142owe, schody, posadzki, pokrycie dach\u00f3w oraz konstrukcje uzupe\u0142niaj\u0105ce, czyli: drzwi, okna, instalacje (wody, kanalizacji, grzewcze, wentylacji, klimatyzacji, gazu, elektryczne, teletechniczne itp.)<\/p>\t\t\t\t\t\t<\/div>\n\t\t\t\t<\/div>\n\t\t\t\t\t<\/div>\n\t\t<\/div>\n\t\t\t\t\t\t\t<\/div>\n\t\t<\/section>\n\t\t\t\t<section class=\"elementor-section elementor-top-section elementor-element elementor-element-a83891b elementor-section-boxed elementor-section-height-default elementor-section-height-default\" data-id=\"a83891b\" data-element_type=\"section\">\n\t\t\t\t\t\t<div class=\"elementor-container elementor-column-gap-default\">\n\t\t\t\t\t<div class=\"elementor-column elementor-col-100 elementor-top-column elementor-element elementor-element-41fd7bb\" data-id=\"41fd7bb\" data-element_type=\"column\">\n\t\t\t<div class=\"elementor-widget-wrap elementor-element-populated\">\n\t\t\t\t\t\t\t\t<div class=\"elementor-element elementor-element-70a4c09 elementor-widget elementor-widget-spacer\" data-id=\"70a4c09\" data-element_type=\"widget\" data-widget_type=\"spacer.default\">\n\t\t\t\t<div class=\"elementor-widget-container\">\n\t\t\t\t\t<div class=\"elementor-spacer\">\n\t\t\t<div class=\"elementor-spacer-inner\"><\/div>\n\t\t<\/div>\n\t\t\t\t<\/div>\n\t\t\t\t<\/div>\n\t\t\t\t<div class=\"elementor-element elementor-element-6f8c03f2 elementor-widget elementor-widget-image\" data-id=\"6f8c03f2\" data-element_type=\"widget\" data-widget_type=\"image.default\">\n\t\t\t\t<div class=\"elementor-widget-container\">\n\t\t\t\t\t\t\t\t\t\t\t\t\t\t\t<img loading=\"lazy\" decoding=\"async\" width=\"2048\" height=\"1638\" src=\"https:\/\/projektysloboda.pl\/wp-content\/uploads\/2021\/05\/3d-house-with-scaffolding.jpg\" class=\"elementor-animation-float attachment-full size-full\" alt=\"Projekty budowlane\" srcset=\"https:\/\/projektysloboda.pl\/wp-content\/uploads\/2021\/05\/3d-house-with-scaffolding.jpg 2048w, https:\/\/projektysloboda.pl\/wp-content\/uploads\/2021\/05\/3d-house-with-scaffolding-300x240.jpg 300w, https:\/\/projektysloboda.pl\/wp-content\/uploads\/2021\/05\/3d-house-with-scaffolding-1024x819.jpg 1024w, https:\/\/projektysloboda.pl\/wp-content\/uploads\/2021\/05\/3d-house-with-scaffolding-768x614.jpg 768w, https:\/\/projektysloboda.pl\/wp-content\/uploads\/2021\/05\/3d-house-with-scaffolding-1536x1229.jpg 1536w\" sizes=\"auto, (max-width: 2048px) 100vw, 2048px\" \/>\t\t\t\t\t\t\t\t\t\t\t\t\t\t\t<\/div>\n\t\t\t\t<\/div>\n\t\t\t\t\t<\/div>\n\t\t<\/div>\n\t\t\t\t\t\t\t<\/div>\n\t\t<\/section>\n\t\t\t\t\t\t<\/div>\n\t\t\t\t\t<\/div>\n\t\t","protected":false},"excerpt":{"rendered":"<p>PROJEKTY BUDOWLANE Projekty budowlane w Tomaszowie Lubelskim i okolicy. Tomasz\u00f3w Lubelski Projekty Budowlane Projekty budowlane, wykonawcze i warsztatowe bran\u017cy konstrukcyjnej oraz wielobran\u017cowej (projekty obiekt\u00f3w nowych, przebudowy, remonty, wzmocnienia konstrukcji, tak\u017ce projekty wzmocnie\u0144 tymczasowych w przypadku potrzeby szybkiego dzia\u0142ania) Projektujemy\u00a0domy jednorodzinne, bli\u017aniacze, szeregowe. Budynki nowe, rozbudowy, przebudowy, nadbudowy budynk\u00f3w mieszkalnych.\u00a0Wsp\u00f3\u0142prac\u0119rozpoczynamy od spotkania wst\u0119pnego okre\u015blaj\u0105cego Wasze potrzeby, [&hellip;]<\/p>\n","protected":false},"author":1,"featured_media":356,"parent":0,"menu_order":0,"comment_status":"closed","ping_status":"closed","template":"","meta":{"om_disable_all_campaigns":false,"_monsterinsights_skip_tracking":false,"_monsterinsights_sitenote_active":false,"_monsterinsights_sitenote_note":"","_monsterinsights_sitenote_category":0,"footnotes":""},"class_list":["post-190","page","type-page","status-publish","has-post-thumbnail","hentry"],"_links":{"self":[{"href":"https:\/\/projektysloboda.pl\/index.php\/wp-json\/wp\/v2\/pages\/190","targetHints":{"allow":["GET"]}}],"collection":[{"href":"https:\/\/projektysloboda.pl\/index.php\/wp-json\/wp\/v2\/pages"}],"about":[{"href":"https:\/\/projektysloboda.pl\/index.php\/wp-json\/wp\/v2\/types\/page"}],"author":[{"embeddable":true,"href":"https:\/\/projektysloboda.pl\/index.php\/wp-json\/wp\/v2\/users\/1"}],"replies":[{"embeddable":true,"href":"https:\/\/projektysloboda.pl\/index.php\/wp-json\/wp\/v2\/comments?post=190"}],"version-history":[{"count":30,"href":"https:\/\/projektysloboda.pl\/index.php\/wp-json\/wp\/v2\/pages\/190\/revisions"}],"predecessor-version":[{"id":385,"href":"https:\/\/projektysloboda.pl\/index.php\/wp-json\/wp\/v2\/pages\/190\/revisions\/385"}],"wp:featuredmedia":[{"embeddable":true,"href":"https:\/\/projektysloboda.pl\/index.php\/wp-json\/wp\/v2\/media\/356"}],"wp:attachment":[{"href":"https:\/\/projektysloboda.pl\/index.php\/wp-json\/wp\/v2\/media?parent=190"}],"curies":[{"name":"wp","href":"https:\/\/api.w.org\/{rel}","templated":true}]}}